{"id":1764,"date":"2022-09-08T18:25:35","date_gmt":"2022-09-08T16:25:35","guid":{"rendered":"https:\/\/titulus.be\/wine-store\/"},"modified":"2022-10-28T11:51:16","modified_gmt":"2022-10-28T09:51:16","slug":"wine-store","status":"publish","type":"page","link":"https:\/\/titulus.be\/en\/wine-store\/","title":{"rendered":"Wine store"},"content":{"rendered":"\t\t<div data-elementor-type=\"wp-page\" data-elementor-id=\"1764\" class=\"elementor elementor-1764 elementor-334\">\n\t\t\t\t\t\t<div class=\"elementor-inner\">\n\t\t\t\t<div class=\"elementor-section-wrap\">\n\t\t\t\t\t\t\t\t\t<section class=\"elementor-section elementor-top-section elementor-element elementor-element-cfadc74 elementor-section-full_width elementor-section-height-default elementor-section-height-default\" data-id=\"cfadc74\" data-element_type=\"section\" data-settings=\"{&quot;jet_parallax_layout_list&quot;:[]}\">\n\t\t\t\t\t\t<div class=\"elementor-container elementor-column-gap-default\">\n\t\t\t\t\t\t\t<div class=\"elementor-row\">\n\t\t\t\t\t<div class=\"elementor-column elementor-col-66 elementor-top-column elementor-element elementor-element-be1afed\" data-id=\"be1afed\" data-element_type=\"column\">\n\t\t\t<div class=\"elementor-column-wrap elementor-element-populated\">\n\t\t\t\t\t\t\t<div class=\"elementor-widget-wrap\">\n\t\t\t\t\t\t<section class=\"elementor-section elementor-inner-section elementor-element elementor-element-e1deb17 elementor-section-full_width elementor-reverse-tablet elementor-reverse-mobile elementor-section-height-default elementor-section-height-default\" data-id=\"e1deb17\" data-element_type=\"section\" data-settings=\"{&quot;jet_parallax_layout_list&quot;:[]}\">\n\t\t\t\t\t\t<div class=\"elementor-container elementor-column-gap-wide\">\n\t\t\t\t\t\t\t<div class=\"elementor-row\">\n\t\t\t\t\t<div class=\"elementor-column elementor-col-50 elementor-inner-column elementor-element elementor-element-c3fdda5\" data-id=\"c3fdda5\" data-element_type=\"column\">\n\t\t\t<div class=\"elementor-column-wrap elementor-element-populated\">\n\t\t\t\t\t\t\t<div class=\"elementor-widget-wrap\">\n\t\t\t\t\t\t<div class=\"elementor-element elementor-element-87c3cc8 elementor-widget elementor-widget-image\" data-id=\"87c3cc8\" data-element_type=\"widget\" data-widget_type=\"image.default\">\n\t\t\t\t<div class=\"elementor-widget-container\">\n\t\t\t\t\t\t\t\t<div class=\"elementor-image\">\n\t\t\t\t\t\t\t\t\t\t\t\t<img src=\"https:\/\/titulus.be\/wp-content\/uploads\/elementor\/thumbs\/CAVISTE-1-pvirmm05y87x0zjhns2u429nxje2j0niu4ha1f523q.jpeg\" title=\"CAVISTE 1\" alt=\"CAVISTE 1\" \/>\t\t\t\t\t\t\t\t\t\t\t\t\t\t<\/div>\n\t\t\t\t\t\t<\/div>\n\t\t\t\t<\/div>\n\t\t\t\t\t\t<\/div>\n\t\t\t\t\t<\/div>\n\t\t<\/div>\n\t\t\t\t<div class=\"elementor-column elementor-col-50 elementor-inner-column elementor-element elementor-element-8aaca35\" data-id=\"8aaca35\" data-element_type=\"column\">\n\t\t\t<div class=\"elementor-column-wrap elementor-element-populated\">\n\t\t\t\t\t\t\t<div class=\"elementor-widget-wrap\">\n\t\t\t\t\t\t<div class=\"elementor-element elementor-element-d2fad47 elementor-widget elementor-widget-heading\" data-id=\"d2fad47\" data-element_type=\"widget\" data-widget_type=\"heading.default\">\n\t\t\t\t<div class=\"elementor-widget-container\">\n\t\t\t<h2 class=\"elementor-heading-title elementor-size-default\">WINE STORE<\/h2>\t\t<\/div>\n\t\t\t\t<\/div>\n\t\t\t\t<div class=\"elementor-element elementor-element-d4e0272 elementor-widget elementor-widget-heading\" data-id=\"d4e0272\" data-element_type=\"widget\" data-widget_type=\"heading.default\">\n\t\t\t\t<div class=\"elementor-widget-container\">\n\t\t\t<h2 class=\"elementor-heading-title elementor-size-default\">Grapes, nothing but grapes.<\/h2>\t\t<\/div>\n\t\t\t\t<\/div>\n\t\t\t\t<div class=\"elementor-element elementor-element-16316ca elementor-widget elementor-widget-text-editor\" data-id=\"16316ca\" data-element_type=\"widget\" data-widget_type=\"text-editor.default\">\n\t\t\t\t<div class=\"elementor-widget-container\">\n\t\t\t\t\t\t\t\t<div class=\"elementor-text-editor elementor-clearfix\">\n\t\t\t\t<p>At Titulus, amateurs and experts gather around the same passion: living wines. Real wines with unique characters, made with respect for the earth and man. The result? Wines that transmit the energy and emotion of their soil, their land and the winemakers who have shaped them with passion and dedication.<\/p>\n\t\t\t\t\t<\/div>\n\t\t\t\t\t\t<\/div>\n\t\t\t\t<\/div>\n\t\t\t\t<div class=\"elementor-element elementor-element-b436a39 elementor-widget elementor-widget-text-editor\" data-id=\"b436a39\" data-element_type=\"widget\" data-widget_type=\"text-editor.default\">\n\t\t\t\t<div class=\"elementor-widget-container\">\n\t\t\t\t\t\t\t\t<div class=\"elementor-text-editor elementor-clearfix\">\n\t\t\t\t<p>We believe in the most perfect expression of the fruit, grown in a healthy environment on vineyards full of life in an organic or biodynamic way by passionate men and women!<\/p>\n\t\t\t\t\t<\/div>\n\t\t\t\t\t\t<\/div>\n\t\t\t\t<\/div>\n\t\t\t\t<div class=\"elementor-element elementor-element-1a40891 elementor-align-left elementor-hidden-desktop elementor-hidden-tablet elementor-widget elementor-widget-button\" data-id=\"1a40891\" data-element_type=\"widget\" data-widget_type=\"button.default\">\n\t\t\t\t<div class=\"elementor-widget-container\">\n\t\t\t\t\t<div class=\"elementor-button-wrapper\">\n\t\t\t<a href=\"https:\/\/titulus.be\/en\/e-shop\/\" class=\"elementor-button-link elementor-button elementor-size-xl\" role=\"button\">\n\t\t\t\t\t\t<span class=\"elementor-button-content-wrapper\">\n\t\t\t\t\t\t<span class=\"elementor-button-text\">Our e-shop<\/span>\n\t\t<\/span>\n\t\t\t\t\t<\/a>\n\t\t<\/div>\n\t\t\t\t<\/div>\n\t\t\t\t<\/div>\n\t\t\t\t\t\t<\/div>\n\t\t\t\t\t<\/div>\n\t\t<\/div>\n\t\t\t\t\t\t\t\t<\/div>\n\t\t\t\t\t<\/div>\n\t\t<\/section>\n\t\t\t\t<section class=\"elementor-section elementor-inner-section elementor-element elementor-element-fb93b80 elementor-section-full_width elementor-reverse-tablet elementor-reverse-mobile elementor-section-height-default elementor-section-height-default\" data-id=\"fb93b80\" data-element_type=\"section\" data-settings=\"{&quot;jet_parallax_layout_list&quot;:[]}\">\n\t\t\t\t\t\t<div class=\"elementor-container elementor-column-gap-wide\">\n\t\t\t\t\t\t\t<div class=\"elementor-row\">\n\t\t\t\t\t<div class=\"elementor-column elementor-col-50 elementor-inner-column elementor-element elementor-element-3c63a11\" data-id=\"3c63a11\" data-element_type=\"column\">\n\t\t\t<div class=\"elementor-column-wrap elementor-element-populated\">\n\t\t\t\t\t\t\t<div class=\"elementor-widget-wrap\">\n\t\t\t\t\t\t<div class=\"elementor-element elementor-element-4948ae2 elementor-widget elementor-widget-image\" data-id=\"4948ae2\" data-element_type=\"widget\" data-widget_type=\"image.default\">\n\t\t\t\t<div class=\"elementor-widget-container\">\n\t\t\t\t\t\t\t\t<div class=\"elementor-image\">\n\t\t\t\t\t\t\t\t\t\t\t\t<img src=\"https:\/\/titulus.be\/wp-content\/uploads\/elementor\/thumbs\/CAVISTE-2-pvirmmy05297cli4iahgok14ix9fqpr9694rip3nxi.jpg\" title=\"CAVISTE 2\" alt=\"CAVISTE 2\" \/>\t\t\t\t\t\t\t\t\t\t\t\t\t\t<\/div>\n\t\t\t\t\t\t<\/div>\n\t\t\t\t<\/div>\n\t\t\t\t\t\t<\/div>\n\t\t\t\t\t<\/div>\n\t\t<\/div>\n\t\t\t\t<div class=\"elementor-column elementor-col-50 elementor-inner-column elementor-element elementor-element-ff10ee5\" data-id=\"ff10ee5\" data-element_type=\"column\">\n\t\t\t<div class=\"elementor-column-wrap elementor-element-populated\">\n\t\t\t\t\t\t\t<div class=\"elementor-widget-wrap\">\n\t\t\t\t\t\t<div class=\"elementor-element elementor-element-5b91928 elementor-widget elementor-widget-heading\" data-id=\"5b91928\" data-element_type=\"widget\" data-widget_type=\"heading.default\">\n\t\t\t\t<div class=\"elementor-widget-container\">\n\t\t\t<h2 class=\"elementor-heading-title elementor-size-default\">A wine store certainly\u2026but not only.<\/h2>\t\t<\/div>\n\t\t\t\t<\/div>\n\t\t\t\t<div class=\"elementor-element elementor-element-9ac5814 elementor-widget elementor-widget-text-editor\" data-id=\"9ac5814\" data-element_type=\"widget\" data-widget_type=\"text-editor.default\">\n\t\t\t\t<div class=\"elementor-widget-container\">\n\t\t\t\t\t\t\t\t<div class=\"elementor-text-editor elementor-clearfix\">\n\t\t\t\t<p>Since the very beginning of Titulus, we have been driven by the desire to share. Aware of the privileged relationship we have with the winemakers, we wanted to go further and make Titulus a place of life and exchange. <\/p>\n\t\t\t\t\t<\/div>\n\t\t\t\t\t\t<\/div>\n\t\t\t\t<\/div>\n\t\t\t\t<div class=\"elementor-element elementor-element-037b032 elementor-widget elementor-widget-text-editor\" data-id=\"037b032\" data-element_type=\"widget\" data-widget_type=\"text-editor.default\">\n\t\t\t\t<div class=\"elementor-widget-container\">\n\t\t\t\t\t\t\t\t<div class=\"elementor-text-editor elementor-clearfix\">\n\t\t\t\t<p>Regularly, we host events, tastings and meetings with producers. Together, we explore grape varieties, estates, growing techniques, surprising combinations and much more. <\/p>\n\t\t\t\t\t<\/div>\n\t\t\t\t\t\t<\/div>\n\t\t\t\t<\/div>\n\t\t\t\t<div class=\"elementor-element elementor-element-aec68f4 elementor-widget elementor-widget-text-editor\" data-id=\"aec68f4\" data-element_type=\"widget\" data-widget_type=\"text-editor.default\">\n\t\t\t\t<div class=\"elementor-widget-container\">\n\t\t\t\t\t\t\t\t<div class=\"elementor-text-editor elementor-clearfix\">\n\t\t\t\t<p><strong>Whether you&#8217;re looking for a drink, a meal, advice or a purchase as a particular or a professional, the entire Titulus team will be happy to welcome you from Tuesday to Saturday, from 12 pm to 11 pm. There is something for every taste and every wallet. <\/strong><\/p>\n\t\t\t\t\t<\/div>\n\t\t\t\t\t\t<\/div>\n\t\t\t\t<\/div>\n\t\t\t\t\t\t<\/div>\n\t\t\t\t\t<\/div>\n\t\t<\/div>\n\t\t\t\t\t\t\t\t<\/div>\n\t\t\t\t\t<\/div>\n\t\t<\/section>\n\t\t\t\t<section class=\"elementor-section elementor-inner-section elementor-element elementor-element-942ba7b elementor-section-full_width elementor-section-height-default elementor-section-height-default\" data-id=\"942ba7b\" data-element_type=\"section\" data-settings=\"{&quot;jet_parallax_layout_list&quot;:[]}\">\n\t\t\t\t\t\t<div class=\"elementor-container elementor-column-gap-wide\">\n\t\t\t\t\t\t\t<div class=\"elementor-row\">\n\t\t\t\t\t<div class=\"elementor-column elementor-col-50 elementor-inner-column elementor-element elementor-element-02ff88e\" data-id=\"02ff88e\" data-element_type=\"column\">\n\t\t\t<div class=\"elementor-column-wrap elementor-element-populated\">\n\t\t\t\t\t\t\t<div class=\"elementor-widget-wrap\">\n\t\t\t\t\t\t<div class=\"elementor-element elementor-element-6f486d1 elementor-widget elementor-widget-image\" data-id=\"6f486d1\" data-element_type=\"widget\" data-widget_type=\"image.default\">\n\t\t\t\t<div class=\"elementor-widget-container\">\n\t\t\t\t\t\t\t\t<div class=\"elementor-image\">\n\t\t\t\t\t\t\t\t\t\t\t\t<img src=\"https:\/\/titulus.be\/wp-content\/uploads\/elementor\/thumbs\/CAVISTE-3-pvirmotoiqbrztfe7baptjk1pp0663ypuifqh90vl2.jpg\" title=\"CAVISTE 3\" alt=\"CAVISTE 3\" \/>\t\t\t\t\t\t\t\t\t\t\t\t\t\t<\/div>\n\t\t\t\t\t\t<\/div>\n\t\t\t\t<\/div>\n\t\t\t\t\t\t<\/div>\n\t\t\t\t\t<\/div>\n\t\t<\/div>\n\t\t\t\t<div class=\"elementor-column elementor-col-50 elementor-inner-column elementor-element elementor-element-a6a7a93\" data-id=\"a6a7a93\" data-element_type=\"column\">\n\t\t\t<div class=\"elementor-column-wrap elementor-element-populated\">\n\t\t\t\t\t\t\t<div class=\"elementor-widget-wrap\">\n\t\t\t\t\t\t<div class=\"elementor-element elementor-element-6bb067f elementor-widget elementor-widget-text-editor\" data-id=\"6bb067f\" data-element_type=\"widget\" data-widget_type=\"text-editor.default\">\n\t\t\t\t<div class=\"elementor-widget-container\">\n\t\t\t\t\t\t\t\t<div class=\"elementor-text-editor elementor-clearfix\">\n\t\t\t\t<div id=\"comp-l7p51jqd\" class=\"_1ncY2\"><div class=\"\" data-mesh-id=\"comp-l7p51jqdinlineContent\" data-testid=\"inline-content\"><div data-mesh-id=\"comp-l7p51jqdinlineContent-gridContainer\" data-testid=\"mesh-container-content\"><h5>Collaboration<\/h5><p>We are pleased to collaborate with :<\/p><p>Lise et Bertrand Jousset \/ Fabien Brutout \/ Coralie et Damien Delecheneau \/ Philippe Mesnier \/ Mathieu Cosme \/ Nicolas Grosbois \/ Julien Brestau, Marc Houtin et G\u00e9rald Peau \/ Carine et Fran\u00e7ois Crochet \/ Alexis Hudon \/ Lisane Van Son \/ Pierre-henri Gadais \/ Jo et Jocelyne Landron \/ Famille Coulon \/ Benedicte et Emmanuel Leroy \/ Pierre Gerbais \/ Joseph Chamonard \/ Marie Lapierre \/ Carine Joubert \/ Matthieu Cosse et Catherine Maisonneuve \/ Laurent Cazottes \/ Gr\u00e9goire et B\u00e9n\u00e9dicte Hubau \/ St\u00e9phanie Destruhaut et Michel Th\u00e9ron \/ Famille Plageoles \/ Fanny Sabre \/ Paul Perarnau et Willy Roulendes \/ Pierre F\u00e9nals \/ Ath\u00e9na\u00efs de B\u00e9ru \/ Valentin Montanet \/ Cave des vignerons d\u2019Estezargues \/ Herv\u00e9 Souhaut \/ Richard Bruner et Diane de Moustier \/ Marcel Richaud \/ Marie et Eric Pfifferling \/ Famille Brunier \/ Thomas Bouet \/ S\u00e9bastien Chatillon \/ Romain Le Bars \/ Basile Passe et Yohan Tavares \/ Laure Colombo et Dimitri Roulleau- Gallais \/ Charlotte et Jean -Baptiste S\u00e9nat \/ Genevi\u00e8ve et Gilles Azam \/ Maxime Magnon \/ Dominique Hauvette \/ Jean-Christophe Comor \/ Edouard Laffitte <em>\/ <\/em>Loic Roure \/ Evelyne Clairet \/ Marie et Florian Curtet \/ Ludovic Rohrer \/ Marie et Jean-Paul Zusslin \/ Fleur Godart pour les cuv\u00e9es militantes \/ Meinklang \/ Azienda Agricola Ottomani \/ Salvo Foti \/ Firmino Miotti \/ Famille Ligas \/ Janire Moraza et Patricio Brongo \/ Mother Rock Wines \/ Craig Hawkins \/ Les Lunes et Populis \/ Famille Dakishvili \/ Isastegi Sagardotegia \/ \u00c6blerov \/ Quentin Le Cl\u00e9ac\u2019h \/ Maison Dutier<\/p><\/div><\/div><\/div>\t\t\t\t\t<\/div>\n\t\t\t\t\t\t<\/div>\n\t\t\t\t<\/div>\n\t\t\t\t\t\t<\/div>\n\t\t\t\t\t<\/div>\n\t\t<\/div>\n\t\t\t\t\t\t\t\t<\/div>\n\t\t\t\t\t<\/div>\n\t\t<\/section>\n\t\t\t\t\t\t<\/div>\n\t\t\t\t\t<\/div>\n\t\t<\/div>\n\t\t\t\t<div class=\"elementor-column elementor-col-33 elementor-top-column elementor-element elementor-element-9b6df1d elementor-hidden-mobile\" data-id=\"9b6df1d\" data-element_type=\"column\">\n\t\t\t<div class=\"elementor-column-wrap elementor-element-populated\">\n\t\t\t\t\t\t\t<div class=\"elementor-widget-wrap\">\n\t\t\t\t\t\t<div class=\"elementor-element elementor-element-f12c920 elementor-align-center elementor-widget elementor-widget-button\" data-id=\"f12c920\" data-element_type=\"widget\" data-widget_type=\"button.default\">\n\t\t\t\t<div class=\"elementor-widget-container\">\n\t\t\t\t\t<div class=\"elementor-button-wrapper\">\n\t\t\t<a href=\"https:\/\/titulus.be\/en\/e-shop\/\" class=\"elementor-button-link elementor-button elementor-size-xl\" role=\"button\">\n\t\t\t\t\t\t<span class=\"elementor-button-content-wrapper\">\n\t\t\t\t\t\t<span class=\"elementor-button-text\">Our e-shop<\/span>\n\t\t<\/span>\n\t\t\t\t\t<\/a>\n\t\t<\/div>\n\t\t\t\t<\/div>\n\t\t\t\t<\/div>\n\t\t\t\t\t\t<\/div>\n\t\t\t\t\t<\/div>\n\t\t<\/div>\n\t\t\t\t\t\t\t\t<\/div>\n\t\t\t\t\t<\/div>\n\t\t<\/section>\n\t\t\t\t\t\t\t\t\t<\/div>\n\t\t\t<\/div>\n\t\t\t\t\t<\/div>\n\t\t","protected":false},"excerpt":{"rendered":"<p>WINE STORE Grapes, nothing but grapes. At Titulus, amateurs and experts gather around the same passion: living wines. Real wines with unique characters, made with respect for the earth and man. The result? Wines that transmit the energy and emotion of their soil, their land and the winemakers who have shaped them with passion and [&hellip;]<\/p>\n","protected":false},"author":1,"featured_media":0,"parent":0,"menu_order":0,"comment_status":"closed","ping_status":"closed","template":"elementor_header_footer","meta":[],"yoast_head":"<!-- This site is optimized with the Yoast SEO plugin v18.5.1 - https:\/\/yoast.com\/wordpress\/plugins\/seo\/ -->\n<title>Wine store - Titulus<\/title>\n<meta name=\"description\" content=\"Titulus, a wine store and a place where amateurs and experts meet around the same passion: living wines.\" \/>\n<meta name=\"robots\" content=\"index, follow, max-snippet:-1, max-image-preview:large, max-video-preview:-1\" \/>\n<link rel=\"canonical\" href=\"https:\/\/titulus.be\/en\/wine-store\/\" \/>\n<meta property=\"og:locale\" content=\"en_US\" \/>\n<meta property=\"og:type\" content=\"article\" \/>\n<meta property=\"og:title\" content=\"Wine store - Titulus\" \/>\n<meta property=\"og:description\" content=\"Titulus, a wine store and a place where amateurs and experts meet around the same passion: living wines.\" \/>\n<meta property=\"og:url\" content=\"https:\/\/titulus.be\/en\/wine-store\/\" \/>\n<meta property=\"og:site_name\" content=\"Titulus\" \/>\n<meta property=\"article:modified_time\" content=\"2022-10-28T09:51:16+00:00\" \/>\n<meta property=\"og:image\" content=\"https:\/\/titulus.be\/wp-content\/uploads\/elementor\/thumbs\/CAVISTE-1-pvirmm05y87x0zjhns2u429nxje2j0niu4ha1f523q.jpeg\" \/>\n<meta name=\"twitter:card\" content=\"summary_large_image\" \/>\n<meta name=\"twitter:label1\" content=\"Est. reading time\" \/>\n\t<meta name=\"twitter:data1\" content=\"4 minutes\" \/>\n<script type=\"application\/ld+json\" class=\"yoast-schema-graph\">{\"@context\":\"https:\/\/schema.org\",\"@graph\":[{\"@type\":\"WebSite\",\"@id\":\"https:\/\/titulus.be\/en\/#website\",\"url\":\"https:\/\/titulus.be\/en\/\",\"name\":\"Titulus\",\"description\":\"Caviste - Bar \u00e0 vins - Cuisine locale\",\"potentialAction\":[{\"@type\":\"SearchAction\",\"target\":{\"@type\":\"EntryPoint\",\"urlTemplate\":\"https:\/\/titulus.be\/en\/?s={search_term_string}\"},\"query-input\":\"required name=search_term_string\"}],\"inLanguage\":\"en-US\"},{\"@type\":\"ImageObject\",\"@id\":\"https:\/\/titulus.be\/en\/wine-store\/#primaryimage\",\"inLanguage\":\"en-US\",\"url\":\"https:\/\/titulus.be\/wp-content\/uploads\/elementor\/thumbs\/CAVISTE-1-pvirmm05y87x0zjhns2u429nxje2j0niu4ha1f523q.jpeg\",\"contentUrl\":\"https:\/\/titulus.be\/wp-content\/uploads\/elementor\/thumbs\/CAVISTE-1-pvirmm05y87x0zjhns2u429nxje2j0niu4ha1f523q.jpeg\"},{\"@type\":\"WebPage\",\"@id\":\"https:\/\/titulus.be\/en\/wine-store\/#webpage\",\"url\":\"https:\/\/titulus.be\/en\/wine-store\/\",\"name\":\"Wine store - Titulus\",\"isPartOf\":{\"@id\":\"https:\/\/titulus.be\/en\/#website\"},\"primaryImageOfPage\":{\"@id\":\"https:\/\/titulus.be\/en\/wine-store\/#primaryimage\"},\"datePublished\":\"2022-09-08T16:25:35+00:00\",\"dateModified\":\"2022-10-28T09:51:16+00:00\",\"description\":\"Titulus, a wine store and a place where amateurs and experts meet around the same passion: living wines.\",\"breadcrumb\":{\"@id\":\"https:\/\/titulus.be\/en\/wine-store\/#breadcrumb\"},\"inLanguage\":\"en-US\",\"potentialAction\":[{\"@type\":\"ReadAction\",\"target\":[\"https:\/\/titulus.be\/en\/wine-store\/\"]}]},{\"@type\":\"BreadcrumbList\",\"@id\":\"https:\/\/titulus.be\/en\/wine-store\/#breadcrumb\",\"itemListElement\":[{\"@type\":\"ListItem\",\"position\":1,\"name\":\"Home\",\"item\":\"https:\/\/titulus.be\/en\/\"},{\"@type\":\"ListItem\",\"position\":2,\"name\":\"Wine store\"}]}]}<\/script>\n<!-- \/ Yoast SEO plugin. -->","yoast_head_json":{"title":"Wine store - Titulus","description":"Titulus, a wine store and a place where amateurs and experts meet around the same passion: living wines.","robots":{"index":"index","follow":"follow","max-snippet":"max-snippet:-1","max-image-preview":"max-image-preview:large","max-video-preview":"max-video-preview:-1"},"canonical":"https:\/\/titulus.be\/en\/wine-store\/","og_locale":"en_US","og_type":"article","og_title":"Wine store - Titulus","og_description":"Titulus, a wine store and a place where amateurs and experts meet around the same passion: living wines.","og_url":"https:\/\/titulus.be\/en\/wine-store\/","og_site_name":"Titulus","article_modified_time":"2022-10-28T09:51:16+00:00","og_image":[{"url":"https:\/\/titulus.be\/wp-content\/uploads\/elementor\/thumbs\/CAVISTE-1-pvirmm05y87x0zjhns2u429nxje2j0niu4ha1f523q.jpeg"}],"twitter_card":"summary_large_image","twitter_misc":{"Est. reading time":"4 minutes"},"schema":{"@context":"https:\/\/schema.org","@graph":[{"@type":"WebSite","@id":"https:\/\/titulus.be\/en\/#website","url":"https:\/\/titulus.be\/en\/","name":"Titulus","description":"Caviste - Bar \u00e0 vins - Cuisine locale","potentialAction":[{"@type":"SearchAction","target":{"@type":"EntryPoint","urlTemplate":"https:\/\/titulus.be\/en\/?s={search_term_string}"},"query-input":"required name=search_term_string"}],"inLanguage":"en-US"},{"@type":"ImageObject","@id":"https:\/\/titulus.be\/en\/wine-store\/#primaryimage","inLanguage":"en-US","url":"https:\/\/titulus.be\/wp-content\/uploads\/elementor\/thumbs\/CAVISTE-1-pvirmm05y87x0zjhns2u429nxje2j0niu4ha1f523q.jpeg","contentUrl":"https:\/\/titulus.be\/wp-content\/uploads\/elementor\/thumbs\/CAVISTE-1-pvirmm05y87x0zjhns2u429nxje2j0niu4ha1f523q.jpeg"},{"@type":"WebPage","@id":"https:\/\/titulus.be\/en\/wine-store\/#webpage","url":"https:\/\/titulus.be\/en\/wine-store\/","name":"Wine store - Titulus","isPartOf":{"@id":"https:\/\/titulus.be\/en\/#website"},"primaryImageOfPage":{"@id":"https:\/\/titulus.be\/en\/wine-store\/#primaryimage"},"datePublished":"2022-09-08T16:25:35+00:00","dateModified":"2022-10-28T09:51:16+00:00","description":"Titulus, a wine store and a place where amateurs and experts meet around the same passion: living wines.","breadcrumb":{"@id":"https:\/\/titulus.be\/en\/wine-store\/#breadcrumb"},"inLanguage":"en-US","potentialAction":[{"@type":"ReadAction","target":["https:\/\/titulus.be\/en\/wine-store\/"]}]},{"@type":"BreadcrumbList","@id":"https:\/\/titulus.be\/en\/wine-store\/#breadcrumb","itemListElement":[{"@type":"ListItem","position":1,"name":"Home","item":"https:\/\/titulus.be\/en\/"},{"@type":"ListItem","position":2,"name":"Wine store"}]}]}},"_links":{"self":[{"href":"https:\/\/titulus.be\/en\/wp-json\/wp\/v2\/pages\/1764"}],"collection":[{"href":"https:\/\/titulus.be\/en\/wp-json\/wp\/v2\/pages"}],"about":[{"href":"https:\/\/titulus.be\/en\/wp-json\/wp\/v2\/types\/page"}],"author":[{"embeddable":true,"href":"https:\/\/titulus.be\/en\/wp-json\/wp\/v2\/users\/1"}],"replies":[{"embeddable":true,"href":"https:\/\/titulus.be\/en\/wp-json\/wp\/v2\/comments?post=1764"}],"version-history":[{"count":10,"href":"https:\/\/titulus.be\/en\/wp-json\/wp\/v2\/pages\/1764\/revisions"}],"predecessor-version":[{"id":1962,"href":"https:\/\/titulus.be\/en\/wp-json\/wp\/v2\/pages\/1764\/revisions\/1962"}],"wp:attachment":[{"href":"https:\/\/titulus.be\/en\/wp-json\/wp\/v2\/media?parent=1764"}],"curies":[{"name":"wp","href":"https:\/\/api.w.org\/{rel}","templated":true}]}}