{"id":1731,"date":"2022-09-08T18:25:35","date_gmt":"2022-09-08T16:25:35","guid":{"rendered":"https:\/\/titulus.be\/kelder\/"},"modified":"2023-07-17T14:34:14","modified_gmt":"2023-07-17T12:34:14","slug":"kelder","status":"publish","type":"page","link":"https:\/\/titulus.be\/nl\/kelder\/","title":{"rendered":"Wijnkenner"},"content":{"rendered":"\t\t<div data-elementor-type=\"wp-page\" data-elementor-id=\"1731\" class=\"elementor elementor-1731 elementor-334\">\n\t\t\t\t\t\t<div class=\"elementor-inner\">\n\t\t\t\t<div class=\"elementor-section-wrap\">\n\t\t\t\t\t\t\t\t\t<section class=\"elementor-section elementor-top-section elementor-element elementor-element-cfadc74 elementor-section-full_width elementor-section-height-default elementor-section-height-default\" data-id=\"cfadc74\" data-element_type=\"section\" data-settings=\"{&quot;jet_parallax_layout_list&quot;:[]}\">\n\t\t\t\t\t\t<div class=\"elementor-container elementor-column-gap-default\">\n\t\t\t\t\t\t\t<div class=\"elementor-row\">\n\t\t\t\t\t<div class=\"elementor-column elementor-col-66 elementor-top-column elementor-element elementor-element-be1afed\" data-id=\"be1afed\" data-element_type=\"column\">\n\t\t\t<div class=\"elementor-column-wrap elementor-element-populated\">\n\t\t\t\t\t\t\t<div class=\"elementor-widget-wrap\">\n\t\t\t\t\t\t<section class=\"elementor-section elementor-inner-section elementor-element elementor-element-e1deb17 elementor-section-full_width elementor-reverse-tablet elementor-reverse-mobile elementor-section-height-default elementor-section-height-default\" data-id=\"e1deb17\" data-element_type=\"section\" data-settings=\"{&quot;jet_parallax_layout_list&quot;:[]}\">\n\t\t\t\t\t\t<div class=\"elementor-container elementor-column-gap-wide\">\n\t\t\t\t\t\t\t<div class=\"elementor-row\">\n\t\t\t\t\t<div class=\"elementor-column elementor-col-50 elementor-inner-column elementor-element elementor-element-c3fdda5\" data-id=\"c3fdda5\" data-element_type=\"column\">\n\t\t\t<div class=\"elementor-column-wrap elementor-element-populated\">\n\t\t\t\t\t\t\t<div class=\"elementor-widget-wrap\">\n\t\t\t\t\t\t<div class=\"elementor-element elementor-element-87c3cc8 elementor-widget elementor-widget-image\" data-id=\"87c3cc8\" data-element_type=\"widget\" data-widget_type=\"image.default\">\n\t\t\t\t<div class=\"elementor-widget-container\">\n\t\t\t\t\t\t\t\t<div class=\"elementor-image\">\n\t\t\t\t\t\t\t\t\t\t\t\t<img src=\"https:\/\/titulus.be\/wp-content\/uploads\/elementor\/thumbs\/CAVISTE-1-pvirmm05y87x0zjhns2u429nxje2j0niu4ha1f523q.jpeg\" title=\"CAVISTE 1\" alt=\"CAVISTE 1\" \/>\t\t\t\t\t\t\t\t\t\t\t\t\t\t<\/div>\n\t\t\t\t\t\t<\/div>\n\t\t\t\t<\/div>\n\t\t\t\t\t\t<\/div>\n\t\t\t\t\t<\/div>\n\t\t<\/div>\n\t\t\t\t<div class=\"elementor-column elementor-col-50 elementor-inner-column elementor-element elementor-element-8aaca35\" data-id=\"8aaca35\" data-element_type=\"column\">\n\t\t\t<div class=\"elementor-column-wrap elementor-element-populated\">\n\t\t\t\t\t\t\t<div class=\"elementor-widget-wrap\">\n\t\t\t\t\t\t<div class=\"elementor-element elementor-element-d2fad47 elementor-widget elementor-widget-heading\" data-id=\"d2fad47\" data-element_type=\"widget\" data-widget_type=\"heading.default\">\n\t\t\t\t<div class=\"elementor-widget-container\">\n\t\t\t<h2 class=\"elementor-heading-title elementor-size-default\">KELDER<\/h2>\t\t<\/div>\n\t\t\t\t<\/div>\n\t\t\t\t<div class=\"elementor-element elementor-element-d4e0272 elementor-widget elementor-widget-heading\" data-id=\"d4e0272\" data-element_type=\"widget\" data-widget_type=\"heading.default\">\n\t\t\t\t<div class=\"elementor-widget-container\">\n\t\t\t<h2 class=\"elementor-heading-title elementor-size-default\">Druiven, druiven en nog eens druiven.<\/h2>\t\t<\/div>\n\t\t\t\t<\/div>\n\t\t\t\t<div class=\"elementor-element elementor-element-16316ca elementor-widget elementor-widget-text-editor\" data-id=\"16316ca\" data-element_type=\"widget\" data-widget_type=\"text-editor.default\">\n\t\t\t\t<div class=\"elementor-widget-container\">\n\t\t\t\t\t\t\t\t<div class=\"elementor-text-editor elementor-clearfix\">\n\t\t\t\t<p>Bij Titulus draait het, zowel voor amateurs als voor experts, allemaal rond een enkele passie : die van levende wijnen. Echte wijnen, elk met hun eigen karakter, verbouwd met respect voor de Aarde en de Mens. Het resultaat ? Wijnen die de energie en de emotie van hun grond, van hun streek uitademen en van de gepassioneerde en toegewijde wijnbouwers door wie ze gemaakt zijn.<\/p>\n\t\t\t\t\t<\/div>\n\t\t\t\t\t\t<\/div>\n\t\t\t\t<\/div>\n\t\t\t\t<div class=\"elementor-element elementor-element-b436a39 elementor-widget elementor-widget-text-editor\" data-id=\"b436a39\" data-element_type=\"widget\" data-widget_type=\"text-editor.default\">\n\t\t\t\t<div class=\"elementor-widget-container\">\n\t\t\t\t\t\t\t\t<div class=\"elementor-text-editor elementor-clearfix\">\n\t\t\t\t<p>Wij geloven in fruit in zijn meest perfecte vorm, biologisch of biodynamisch geteeld door gepassioneerde en passionerende mannen en vrouwen, in gezonde wijngaarden vol leven !<\/p>\n\t\t\t\t\t<\/div>\n\t\t\t\t\t\t<\/div>\n\t\t\t\t<\/div>\n\t\t\t\t<div class=\"elementor-element elementor-element-1a40891 elementor-align-left elementor-hidden-desktop elementor-hidden-tablet elementor-widget elementor-widget-button\" data-id=\"1a40891\" data-element_type=\"widget\" data-widget_type=\"button.default\">\n\t\t\t\t<div class=\"elementor-widget-container\">\n\t\t\t\t\t<div class=\"elementor-button-wrapper\">\n\t\t\t<a href=\"https:\/\/titulus.be\/nl\/e-shop\/\" class=\"elementor-button-link elementor-button elementor-size-xl\" role=\"button\">\n\t\t\t\t\t\t<span class=\"elementor-button-content-wrapper\">\n\t\t\t\t\t\t<span class=\"elementor-button-text\">Onze e-shop<\/span>\n\t\t<\/span>\n\t\t\t\t\t<\/a>\n\t\t<\/div>\n\t\t\t\t<\/div>\n\t\t\t\t<\/div>\n\t\t\t\t\t\t<\/div>\n\t\t\t\t\t<\/div>\n\t\t<\/div>\n\t\t\t\t\t\t\t\t<\/div>\n\t\t\t\t\t<\/div>\n\t\t<\/section>\n\t\t\t\t<section class=\"elementor-section elementor-inner-section elementor-element elementor-element-fb93b80 elementor-section-full_width elementor-reverse-tablet elementor-reverse-mobile elementor-section-height-default elementor-section-height-default\" data-id=\"fb93b80\" data-element_type=\"section\" data-settings=\"{&quot;jet_parallax_layout_list&quot;:[]}\">\n\t\t\t\t\t\t<div class=\"elementor-container elementor-column-gap-wide\">\n\t\t\t\t\t\t\t<div class=\"elementor-row\">\n\t\t\t\t\t<div class=\"elementor-column elementor-col-50 elementor-inner-column elementor-element elementor-element-3c63a11\" data-id=\"3c63a11\" data-element_type=\"column\">\n\t\t\t<div class=\"elementor-column-wrap elementor-element-populated\">\n\t\t\t\t\t\t\t<div class=\"elementor-widget-wrap\">\n\t\t\t\t\t\t<div class=\"elementor-element elementor-element-4948ae2 elementor-widget elementor-widget-image\" data-id=\"4948ae2\" data-element_type=\"widget\" data-widget_type=\"image.default\">\n\t\t\t\t<div class=\"elementor-widget-container\">\n\t\t\t\t\t\t\t\t<div class=\"elementor-image\">\n\t\t\t\t\t\t\t\t\t\t\t\t<img src=\"https:\/\/titulus.be\/wp-content\/uploads\/elementor\/thumbs\/CAVISTE-2-pvirmmy05297cli4iahgok14ix9fqpr9694rip3nxi.jpg\" title=\"CAVISTE 2\" alt=\"CAVISTE 2\" \/>\t\t\t\t\t\t\t\t\t\t\t\t\t\t<\/div>\n\t\t\t\t\t\t<\/div>\n\t\t\t\t<\/div>\n\t\t\t\t\t\t<\/div>\n\t\t\t\t\t<\/div>\n\t\t<\/div>\n\t\t\t\t<div class=\"elementor-column elementor-col-50 elementor-inner-column elementor-element elementor-element-ff10ee5\" data-id=\"ff10ee5\" data-element_type=\"column\">\n\t\t\t<div class=\"elementor-column-wrap elementor-element-populated\">\n\t\t\t\t\t\t\t<div class=\"elementor-widget-wrap\">\n\t\t\t\t\t\t<div class=\"elementor-element elementor-element-5b91928 elementor-widget elementor-widget-heading\" data-id=\"5b91928\" data-element_type=\"widget\" data-widget_type=\"heading.default\">\n\t\t\t\t<div class=\"elementor-widget-container\">\n\t\t\t<h2 class=\"elementor-heading-title elementor-size-default\">Wijnhandelaar, dat zeker, maar nog zo veel meer dan dat.<\/h2>\t\t<\/div>\n\t\t\t\t<\/div>\n\t\t\t\t<div class=\"elementor-element elementor-element-9ac5814 elementor-widget elementor-widget-text-editor\" data-id=\"9ac5814\" data-element_type=\"widget\" data-widget_type=\"text-editor.default\">\n\t\t\t\t<div class=\"elementor-widget-container\">\n\t\t\t\t\t\t\t\t<div class=\"elementor-text-editor elementor-clearfix\">\n\t\t\t\t<p>Vanaf het prille begin van Titulus werden wij gedreven door het verlangen om onze passie te delen. Ons bewust van onze geprivilegieerde relatie met de wijnbouwers, wilden wij een stapje verder gaan en van Titulus een plek maken waar beleving en uitwisseling centraal staan.<\/p>\n\t\t\t\t\t<\/div>\n\t\t\t\t\t\t<\/div>\n\t\t\t\t<\/div>\n\t\t\t\t<div class=\"elementor-element elementor-element-037b032 elementor-widget elementor-widget-text-editor\" data-id=\"037b032\" data-element_type=\"widget\" data-widget_type=\"text-editor.default\">\n\t\t\t\t<div class=\"elementor-widget-container\">\n\t\t\t\t\t\t\t\t<div class=\"elementor-text-editor elementor-clearfix\">\n\t\t\t\t<p>Regelmatig organiseren we evenementen, proeverijen en ontmoetingen met de producenten, waarop iedereen welkom is. Samen bestuderen we druivenrassen, domeinen, teelttechnieken, verrassende combinaties en nog veel meer. <\/p>\n\t\t\t\t\t<\/div>\n\t\t\t\t\t\t<\/div>\n\t\t\t\t<\/div>\n\t\t\t\t<div class=\"elementor-element elementor-element-aec68f4 elementor-widget elementor-widget-text-editor\" data-id=\"aec68f4\" data-element_type=\"widget\" data-widget_type=\"text-editor.default\">\n\t\t\t\t<div class=\"elementor-widget-container\">\n\t\t\t\t\t\t\t\t<div class=\"elementor-text-editor elementor-clearfix\">\n\t\t\t\t<p><strong>Of het nu voor een glas is, een maaltijd, een advies of een aankoop, als particulier of als professional, het hele team van Titulus verwelkomt u met plezier van dinsdag tot zaterdag, van 12.00 tot 23.00 uur. Wij zijn er voor ieders smaak en budget. <\/strong><\/p>\n\t\t\t\t\t<\/div>\n\t\t\t\t\t\t<\/div>\n\t\t\t\t<\/div>\n\t\t\t\t\t\t<\/div>\n\t\t\t\t\t<\/div>\n\t\t<\/div>\n\t\t\t\t\t\t\t\t<\/div>\n\t\t\t\t\t<\/div>\n\t\t<\/section>\n\t\t\t\t<section class=\"elementor-section elementor-inner-section elementor-element elementor-element-942ba7b elementor-section-full_width elementor-section-height-default elementor-section-height-default\" data-id=\"942ba7b\" data-element_type=\"section\" data-settings=\"{&quot;jet_parallax_layout_list&quot;:[]}\">\n\t\t\t\t\t\t<div class=\"elementor-container elementor-column-gap-wide\">\n\t\t\t\t\t\t\t<div class=\"elementor-row\">\n\t\t\t\t\t<div class=\"elementor-column elementor-col-50 elementor-inner-column elementor-element elementor-element-02ff88e\" data-id=\"02ff88e\" data-element_type=\"column\">\n\t\t\t<div class=\"elementor-column-wrap elementor-element-populated\">\n\t\t\t\t\t\t\t<div class=\"elementor-widget-wrap\">\n\t\t\t\t\t\t<div class=\"elementor-element elementor-element-6f486d1 elementor-widget elementor-widget-image\" data-id=\"6f486d1\" data-element_type=\"widget\" data-widget_type=\"image.default\">\n\t\t\t\t<div class=\"elementor-widget-container\">\n\t\t\t\t\t\t\t\t<div class=\"elementor-image\">\n\t\t\t\t\t\t\t\t\t\t\t\t<img src=\"https:\/\/titulus.be\/wp-content\/uploads\/elementor\/thumbs\/CAVISTE-3-pvirmotoiqbrztfe7baptjk1pp0663ypuifqh90vl2.jpg\" title=\"CAVISTE 3\" alt=\"CAVISTE 3\" \/>\t\t\t\t\t\t\t\t\t\t\t\t\t\t<\/div>\n\t\t\t\t\t\t<\/div>\n\t\t\t\t<\/div>\n\t\t\t\t\t\t<\/div>\n\t\t\t\t\t<\/div>\n\t\t<\/div>\n\t\t\t\t<div class=\"elementor-column elementor-col-50 elementor-inner-column elementor-element elementor-element-a6a7a93\" data-id=\"a6a7a93\" data-element_type=\"column\">\n\t\t\t<div class=\"elementor-column-wrap elementor-element-populated\">\n\t\t\t\t\t\t\t<div class=\"elementor-widget-wrap\">\n\t\t\t\t\t\t<div class=\"elementor-element elementor-element-6bb067f elementor-widget elementor-widget-text-editor\" data-id=\"6bb067f\" data-element_type=\"widget\" data-widget_type=\"text-editor.default\">\n\t\t\t\t<div class=\"elementor-widget-container\">\n\t\t\t\t\t\t\t\t<div class=\"elementor-text-editor elementor-clearfix\">\n\t\t\t\t<div id=\"comp-l7p51jqd\" class=\"_1ncY2\">\n<div class=\"\" data-mesh-id=\"comp-l7p51jqdinlineContent\" data-testid=\"inline-content\">\n<div data-mesh-id=\"comp-l7p51jqdinlineContent-gridContainer\" data-testid=\"mesh-container-content\">\n<p>Wij hebben het plezier samen te werken met :<\/p>\n<p>Lise et Bertrand Jousset \/ Fabien Brutout \/ Coralie et Damien Delecheneau \/ Philippe Mesnier \/ Mathieu Cosme \/ Nicolas Grosbois \/ Julien Brestau, Marc Houtin et G\u00e9rald Peau \/ Carine et Fran\u00e7ois Crochet \/ Alexis Hudon \/ Lisane Van Son \/ Pierre-henri Gadais \/ Jo et Jocelyne Landron \/ Famille Coulon \/ Benedicte et Emmanuel Leroy \/ Pierre Gerbais \/ Joseph Chamonard \/ Marie Lapierre \/ Carine Joubert \/ Matthieu Cosse et Catherine Maisonneuve \/ Laurent Cazottes \/ Gr\u00e9goire et B\u00e9n\u00e9dicte Hubau \/ St\u00e9phanie Destruhaut et Michel Th\u00e9ron \/ Famille Plageoles \/ Fanny Sabre \/ Paul Perarnau et Willy Roulendes \/ Pierre F\u00e9nals \/ Ath\u00e9na\u00efs de B\u00e9ru \/ Valentin Montanet \/ Cave des vignerons d\u2019Estezargues \/ Herv\u00e9 Souhaut \/ Richard Bruner et Diane de Moustier \/ Marcel Richaud \/ Marie et Eric Pfifferling \/ Famille Brunier \/ Thomas Bouet \/ S\u00e9bastien Chatillon \/ Romain Le Bars \/ Basile Passe et Yohan Tavares \/ Laure Colombo et Dimitri Roulleau- Gallais \/ Charlotte et Jean -Baptiste S\u00e9nat \/ Genevi\u00e8ve et Gilles Azam \/ Maxime Magnon \/ Dominique Hauvette \/ Jean-Christophe Comor \/ Edouard Laffitte <em>\/  <\/em>Loic Roure \/ Evelyne Clairet \/ Marie et Florian Curtet \/ Ludovic Rohrer \/ Marie et Jean-Paul Zusslin \/ Fleur Godart pour les cuv\u00e9es militantes \/ Meinklang \/ Azienda Agricola Ottomani \/ Salvo Foti \/ Firmino Miotti \/ Famille Ligas \/ Janire Moraza et Patricio Brongo \/ Mother Rock Wines \/ Craig Hawkins \/ Les Lunes et Populis \/ Famille Dakishvili \/ Isastegi Sagardotegia \/ \u00c6blerov \/ Quentin Le Cl\u00e9ac\u2019h \/ Maison Dutier<\/p>\n<\/div>\n<\/div>\n<\/div>\n\t\t\t\t\t<\/div>\n\t\t\t\t\t\t<\/div>\n\t\t\t\t<\/div>\n\t\t\t\t\t\t<\/div>\n\t\t\t\t\t<\/div>\n\t\t<\/div>\n\t\t\t\t\t\t\t\t<\/div>\n\t\t\t\t\t<\/div>\n\t\t<\/section>\n\t\t\t\t\t\t<\/div>\n\t\t\t\t\t<\/div>\n\t\t<\/div>\n\t\t\t\t<div class=\"elementor-column elementor-col-33 elementor-top-column elementor-element elementor-element-9b6df1d elementor-hidden-mobile\" data-id=\"9b6df1d\" data-element_type=\"column\">\n\t\t\t<div class=\"elementor-column-wrap elementor-element-populated\">\n\t\t\t\t\t\t\t<div class=\"elementor-widget-wrap\">\n\t\t\t\t\t\t<div class=\"elementor-element elementor-element-f12c920 elementor-align-center elementor-widget elementor-widget-button\" data-id=\"f12c920\" data-element_type=\"widget\" data-widget_type=\"button.default\">\n\t\t\t\t<div class=\"elementor-widget-container\">\n\t\t\t\t\t<div class=\"elementor-button-wrapper\">\n\t\t\t<a href=\"https:\/\/titulus.be\/nl\/e-shop\/\" class=\"elementor-button-link elementor-button elementor-size-xl\" role=\"button\">\n\t\t\t\t\t\t<span class=\"elementor-button-content-wrapper\">\n\t\t\t\t\t\t<span class=\"elementor-button-text\">Onze e-shop<\/span>\n\t\t<\/span>\n\t\t\t\t\t<\/a>\n\t\t<\/div>\n\t\t\t\t<\/div>\n\t\t\t\t<\/div>\n\t\t\t\t\t\t<\/div>\n\t\t\t\t\t<\/div>\n\t\t<\/div>\n\t\t\t\t\t\t\t\t<\/div>\n\t\t\t\t\t<\/div>\n\t\t<\/section>\n\t\t\t\t\t\t\t\t\t<\/div>\n\t\t\t<\/div>\n\t\t\t\t\t<\/div>\n\t\t","protected":false},"excerpt":{"rendered":"<p>KELDER Druiven, druiven en nog eens druiven. Bij Titulus draait het, zowel voor amateurs als voor experts, allemaal rond een enkele passie : die van levende wijnen. Echte wijnen, elk met hun eigen karakter, verbouwd met respect voor de Aarde en de Mens. Het resultaat ? Wijnen die de energie en de emotie van hun [&hellip;]<\/p>\n","protected":false},"author":1,"featured_media":0,"parent":0,"menu_order":0,"comment_status":"closed","ping_status":"closed","template":"elementor_header_footer","meta":[],"yoast_head":"<!-- This site is optimized with the Yoast SEO plugin v18.5.1 - https:\/\/yoast.com\/wordpress\/plugins\/seo\/ -->\n<title>Wijnkenner - Titulus<\/title>\n<meta name=\"robots\" content=\"index, follow, max-snippet:-1, max-image-preview:large, max-video-preview:-1\" \/>\n<link rel=\"canonical\" href=\"https:\/\/titulus.be\/nl\/kelder\/\" \/>\n<meta property=\"og:locale\" content=\"nl_NL\" \/>\n<meta property=\"og:type\" content=\"article\" \/>\n<meta property=\"og:title\" content=\"Wijnkenner - Titulus\" \/>\n<meta property=\"og:description\" content=\"KELDER Druiven, druiven en nog eens druiven. Bij Titulus draait het, zowel voor amateurs als voor experts, allemaal rond een enkele passie : die van levende wijnen. Echte wijnen, elk met hun eigen karakter, verbouwd met respect voor de Aarde en de Mens. Het resultaat ? Wijnen die de energie en de emotie van hun [&hellip;]\" \/>\n<meta property=\"og:url\" content=\"https:\/\/titulus.be\/nl\/kelder\/\" \/>\n<meta property=\"og:site_name\" content=\"Titulus\" \/>\n<meta property=\"article:modified_time\" content=\"2023-07-17T12:34:14+00:00\" \/>\n<meta property=\"og:image\" content=\"https:\/\/titulus.be\/wp-content\/uploads\/elementor\/thumbs\/CAVISTE-1-pvirmm05y87x0zjhns2u429nxje2j0niu4ha1f523q.jpeg\" \/>\n<meta name=\"twitter:card\" content=\"summary_large_image\" \/>\n<meta name=\"twitter:label1\" content=\"Geschatte leestijd\" \/>\n\t<meta name=\"twitter:data1\" content=\"4 minuten\" \/>\n<script type=\"application\/ld+json\" class=\"yoast-schema-graph\">{\"@context\":\"https:\/\/schema.org\",\"@graph\":[{\"@type\":\"WebSite\",\"@id\":\"https:\/\/titulus.be\/nl\/#website\",\"url\":\"https:\/\/titulus.be\/nl\/\",\"name\":\"Titulus\",\"description\":\"Caviste - Bar \u00e0 vins - Cuisine locale\",\"potentialAction\":[{\"@type\":\"SearchAction\",\"target\":{\"@type\":\"EntryPoint\",\"urlTemplate\":\"https:\/\/titulus.be\/nl\/?s={search_term_string}\"},\"query-input\":\"required name=search_term_string\"}],\"inLanguage\":\"nl\"},{\"@type\":\"ImageObject\",\"@id\":\"https:\/\/titulus.be\/nl\/kelder\/#primaryimage\",\"inLanguage\":\"nl\",\"url\":\"https:\/\/titulus.be\/wp-content\/uploads\/elementor\/thumbs\/CAVISTE-1-pvirmm05y87x0zjhns2u429nxje2j0niu4ha1f523q.jpeg\",\"contentUrl\":\"https:\/\/titulus.be\/wp-content\/uploads\/elementor\/thumbs\/CAVISTE-1-pvirmm05y87x0zjhns2u429nxje2j0niu4ha1f523q.jpeg\"},{\"@type\":\"WebPage\",\"@id\":\"https:\/\/titulus.be\/nl\/kelder\/#webpage\",\"url\":\"https:\/\/titulus.be\/nl\/kelder\/\",\"name\":\"Wijnkenner - Titulus\",\"isPartOf\":{\"@id\":\"https:\/\/titulus.be\/nl\/#website\"},\"primaryImageOfPage\":{\"@id\":\"https:\/\/titulus.be\/nl\/kelder\/#primaryimage\"},\"datePublished\":\"2022-09-08T16:25:35+00:00\",\"dateModified\":\"2023-07-17T12:34:14+00:00\",\"breadcrumb\":{\"@id\":\"https:\/\/titulus.be\/nl\/kelder\/#breadcrumb\"},\"inLanguage\":\"nl\",\"potentialAction\":[{\"@type\":\"ReadAction\",\"target\":[\"https:\/\/titulus.be\/nl\/kelder\/\"]}]},{\"@type\":\"BreadcrumbList\",\"@id\":\"https:\/\/titulus.be\/nl\/kelder\/#breadcrumb\",\"itemListElement\":[{\"@type\":\"ListItem\",\"position\":1,\"name\":\"Home\",\"item\":\"https:\/\/titulus.be\/nl\/\"},{\"@type\":\"ListItem\",\"position\":2,\"name\":\"Wijnkenner\"}]}]}<\/script>\n<!-- \/ Yoast SEO plugin. -->","yoast_head_json":{"title":"Wijnkenner - Titulus","robots":{"index":"index","follow":"follow","max-snippet":"max-snippet:-1","max-image-preview":"max-image-preview:large","max-video-preview":"max-video-preview:-1"},"canonical":"https:\/\/titulus.be\/nl\/kelder\/","og_locale":"nl_NL","og_type":"article","og_title":"Wijnkenner - Titulus","og_description":"KELDER Druiven, druiven en nog eens druiven. Bij Titulus draait het, zowel voor amateurs als voor experts, allemaal rond een enkele passie : die van levende wijnen. Echte wijnen, elk met hun eigen karakter, verbouwd met respect voor de Aarde en de Mens. Het resultaat ? Wijnen die de energie en de emotie van hun [&hellip;]","og_url":"https:\/\/titulus.be\/nl\/kelder\/","og_site_name":"Titulus","article_modified_time":"2023-07-17T12:34:14+00:00","og_image":[{"url":"https:\/\/titulus.be\/wp-content\/uploads\/elementor\/thumbs\/CAVISTE-1-pvirmm05y87x0zjhns2u429nxje2j0niu4ha1f523q.jpeg"}],"twitter_card":"summary_large_image","twitter_misc":{"Geschatte leestijd":"4 minuten"},"schema":{"@context":"https:\/\/schema.org","@graph":[{"@type":"WebSite","@id":"https:\/\/titulus.be\/nl\/#website","url":"https:\/\/titulus.be\/nl\/","name":"Titulus","description":"Caviste - Bar \u00e0 vins - Cuisine locale","potentialAction":[{"@type":"SearchAction","target":{"@type":"EntryPoint","urlTemplate":"https:\/\/titulus.be\/nl\/?s={search_term_string}"},"query-input":"required name=search_term_string"}],"inLanguage":"nl"},{"@type":"ImageObject","@id":"https:\/\/titulus.be\/nl\/kelder\/#primaryimage","inLanguage":"nl","url":"https:\/\/titulus.be\/wp-content\/uploads\/elementor\/thumbs\/CAVISTE-1-pvirmm05y87x0zjhns2u429nxje2j0niu4ha1f523q.jpeg","contentUrl":"https:\/\/titulus.be\/wp-content\/uploads\/elementor\/thumbs\/CAVISTE-1-pvirmm05y87x0zjhns2u429nxje2j0niu4ha1f523q.jpeg"},{"@type":"WebPage","@id":"https:\/\/titulus.be\/nl\/kelder\/#webpage","url":"https:\/\/titulus.be\/nl\/kelder\/","name":"Wijnkenner - Titulus","isPartOf":{"@id":"https:\/\/titulus.be\/nl\/#website"},"primaryImageOfPage":{"@id":"https:\/\/titulus.be\/nl\/kelder\/#primaryimage"},"datePublished":"2022-09-08T16:25:35+00:00","dateModified":"2023-07-17T12:34:14+00:00","breadcrumb":{"@id":"https:\/\/titulus.be\/nl\/kelder\/#breadcrumb"},"inLanguage":"nl","potentialAction":[{"@type":"ReadAction","target":["https:\/\/titulus.be\/nl\/kelder\/"]}]},{"@type":"BreadcrumbList","@id":"https:\/\/titulus.be\/nl\/kelder\/#breadcrumb","itemListElement":[{"@type":"ListItem","position":1,"name":"Home","item":"https:\/\/titulus.be\/nl\/"},{"@type":"ListItem","position":2,"name":"Wijnkenner"}]}]}},"_links":{"self":[{"href":"https:\/\/titulus.be\/nl\/wp-json\/wp\/v2\/pages\/1731"}],"collection":[{"href":"https:\/\/titulus.be\/nl\/wp-json\/wp\/v2\/pages"}],"about":[{"href":"https:\/\/titulus.be\/nl\/wp-json\/wp\/v2\/types\/page"}],"author":[{"embeddable":true,"href":"https:\/\/titulus.be\/nl\/wp-json\/wp\/v2\/users\/1"}],"replies":[{"embeddable":true,"href":"https:\/\/titulus.be\/nl\/wp-json\/wp\/v2\/comments?post=1731"}],"version-history":[{"count":9,"href":"https:\/\/titulus.be\/nl\/wp-json\/wp\/v2\/pages\/1731\/revisions"}],"predecessor-version":[{"id":25495,"href":"https:\/\/titulus.be\/nl\/wp-json\/wp\/v2\/pages\/1731\/revisions\/25495"}],"wp:attachment":[{"href":"https:\/\/titulus.be\/nl\/wp-json\/wp\/v2\/media?parent=1731"}],"curies":[{"name":"wp","href":"https:\/\/api.w.org\/{rel}","templated":true}]}}